{"id":11794,"date":"2020-11-23T12:16:41","date_gmt":"2020-11-23T12:16:41","guid":{"rendered":"https:\/\/mariotstore.com\/shop\/uncategorized\/electric-fryer-fe-10td\/"},"modified":"2025-10-23T09:36:34","modified_gmt":"2025-10-23T05:36:34","slug":"electric-fryer-fe-10td","status":"publish","type":"product","link":"https:\/\/mariotstore.com\/ar\/shop\/cooking-line\/fryers\/electric-fryer-fe-10td\/","title":{"rendered":"\u0645\u0642\u0644\u0627\u0629 \u0643\u0647\u0631\u0628\u0627\u0626\u064a\u0629 FE-10TD"},"content":{"rendered":"<p>\u2022 \u062d\u062c\u0645 2 \u00d7 10 \u2013 11 \u0644\u062a\u0631<\/p>\n<p>\u2022 \u0633\u0644\u0629 2 \u00d7 130 \u00d7 235 \u00d7 100 \u0645\u0645<\/p>\n<p>\u2022 \u0627\u0644\u062a\u062e\u0637\u064a\u0637: 1*8.1 \u0643\u064a\u0644\u0648 \u0648\u0627\u0637<\/p>\n<p>\u2022 \u0627\u0644\u0637\u0627\u0642\u0629 \/ \u0627\u0644\u062c\u0647\u062f: 8.1 \u0643\u064a\u0644\u0648 \u0648\u0627\u062a<\/p>\n<p>\u2022 Net weight 12,1 kg<\/p>\n<p>\u2022 \u0627\u0644\u0623\u0628\u0639\u0627\u062f: 360 \u00d7 420 \u00d7 370 \u0645\u0644\u0645<\/p>\n<p>\u2022 FE-10 TD\/ RM GASTRO \/ \u0635\u0646\u0627\u0639\u0629 \u0623\u0648\u0631\u0648\u0628\u064a\u0629<\/p>","protected":false},"excerpt":{"rendered":"<p style=\"margin-bottom: 0px; margin-top: 0px; text-align: left;\">\u2022 \u062d\u062c\u0645 2 \u00d7 10 \u2013 11 \u0644\u062a\u0631<\/p>\n<p style=\"margin: 0px; padding-top: 0px; text-align: left;\">\u2022 \u0633\u0644\u0629 2 \u00d7 130 \u00d7 235 \u00d7 100 \u0645\u0645<\/p>\n<p style=\"margin: 0px; padding-top: 0px; text-align: left;\">\u2022 \u0627\u0644\u062a\u062e\u0637\u064a\u0637: 1*8.1 \u0643\u064a\u0644\u0648 \u0648\u0627\u0637<\/p>\n<p style=\"margin: 0px; padding-top: 0px; text-align: left;\">\u2022 \u0627\u0644\u0637\u0627\u0642\u0629 \/ \u0627\u0644\u062c\u0647\u062f: 8.1 \u0643\u064a\u0644\u0648 \u0648\u0627\u062a<\/p>\n<p style=\"margin: 0px; padding-top: 0px; text-align: left;\">\u2022 \u0627\u0644\u0623\u0628\u0639\u0627\u062f: 360 \u00d7 420 \u00d7 370 \u0645\u0644\u0645<\/p>\n<p style=\"margin: 0px; padding-top: 0px; text-align: left;\">\u2022 FE-10 TD\/ RM GASTRO \/ \u0635\u0646\u0627\u0639\u0629 \u0623\u0648\u0631\u0648\u0628\u064a\u0629<\/p>\n<div id=\"mttContainer\" style=\"transform: translate(588px, 81px);\" aria-expanded=\"false\"><\/div>","protected":false},"featured_media":11795,"comment_status":"open","ping_status":"closed","template":"","meta":{"_acf_changed":false},"product_brand":[781],"product_cat":[708,793,1478],"product_tag":[],"class_list":{"0":"post-11794","1":"product","2":"type-product","3":"status-publish","4":"has-post-thumbnail","6":"product_brand-rm-gastro","7":"product_cat-cooking-line","8":"product_cat-fryers","9":"product_cat-offer","10":"pa_brand-rm-gastro","11":"pa_electric-gas-electric","12":"pa_series-table-top","13":"pa_type-of-product-fryer","15":"first","16":"instock","17":"taxable","18":"shipping-taxable","19":"purchasable","20":"product-type-simple"},"acf":[],"_links":{"self":[{"href":"https:\/\/mariotstore.com\/ar\/wp-json\/wp\/v2\/product\/11794","targetHints":{"allow":["GET"]}}],"collection":[{"href":"https:\/\/mariotstore.com\/ar\/wp-json\/wp\/v2\/product"}],"about":[{"href":"https:\/\/mariotstore.com\/ar\/wp-json\/wp\/v2\/types\/product"}],"replies":[{"embeddable":true,"href":"https:\/\/mariotstore.com\/ar\/wp-json\/wp\/v2\/comments?post=11794"}],"wp:featuredmedia":[{"embeddable":true,"href":"https:\/\/mariotstore.com\/ar\/wp-json\/wp\/v2\/media\/11795"}],"wp:attachment":[{"href":"https:\/\/mariotstore.com\/ar\/wp-json\/wp\/v2\/media?parent=11794"}],"wp:term":[{"taxonomy":"product_brand","embeddable":true,"href":"https:\/\/mariotstore.com\/ar\/wp-json\/wp\/v2\/product_brand?post=11794"},{"taxonomy":"product_cat","embeddable":true,"href":"https:\/\/mariotstore.com\/ar\/wp-json\/wp\/v2\/product_cat?post=11794"},{"taxonomy":"product_tag","embeddable":true,"href":"https:\/\/mariotstore.com\/ar\/wp-json\/wp\/v2\/product_tag?post=11794"}],"curies":[{"name":"wp","href":"https:\/\/api.w.org\/{rel}","templated":true}]}}