{"id":11796,"date":"2020-11-23T12:16:41","date_gmt":"2020-11-23T12:16:41","guid":{"rendered":"https:\/\/mariotstore.com\/shop\/uncategorized\/electric-fryer-fe-77\/"},"modified":"2025-10-23T09:37:12","modified_gmt":"2025-10-23T05:37:12","slug":"electric-fryer-fe-77","status":"publish","type":"product","link":"https:\/\/mariotstore.com\/ar\/shop\/cooking-line\/fryers\/electric-fryer-fe-77\/","title":{"rendered":"\u0642\u0644\u0627\u064a\u0629 \u0643\u0647\u0631\u0628\u0627\u0626\u064a\u0629 FE-77"},"content":{"rendered":"<p>\u2022 \u062d\u062c\u0645 2 \u00d7 7 \u2013 8 \u0644\u062a\u0631<\/p>\n<p>\u2022 \u0633\u0644\u0629 2 \u00d7 210 \u00d7 235 \u00d7 100 \u0645\u0645<\/p>\n<p>\u2022 \u0627\u0644\u062a\u062e\u0637\u064a\u0637: 2 \u00d7 3 \u0643\u064a\u0644\u0648 \u0648\u0627\u0637<\/p>\n<p>\u2022 \u0627\u0644\u0637\u0627\u0642\u0629 \/ \u0627\u0644\u062c\u0647\u062f: 6 \u0643\u064a\u0644\u0648 \u0648\u0627\u0637 \/ 230 \u0641\u0648\u0644\u062a \/ 50 \u0647\u0631\u062a\u0632<\/p>\n<p>\u2022 \u0627\u0644\u0648\u0632\u0646 14 \u0643\u062c\u0645<\/p>\n<p>\u2022 \u0627\u0644\u0623\u0628\u0639\u0627\u062f: 540 \u00d7 420 \u00d7 300 \u0645\u0644\u0645<\/p>\n<p>\u2022 FE-77\/ RM GASTRO \/ \u0635\u0646\u0627\u0639\u0629 \u0623\u0648\u0631\u0648\u0628\u064a\u0629<\/p>","protected":false},"excerpt":{"rendered":"<p>\u0645\u0642\u0644\u0627\u0629 \u0627\u0644\u0643\u0647\u0631\u0628\u0627\u0626\u064a\u0629 FE-77 \u0647\u064a \u062c\u0647\u0627\u0632 \u0645\u062a\u0639\u062f\u062f \u0627\u0644\u0627\u0633\u062a\u062e\u062f\u0627\u0645\u0627\u062a \u0645\u0635\u0645\u0645 \u0644\u062c\u0639\u0644 \u0639\u0645\u0644\u064a\u0629 \u0627\u0644\u0642\u0644\u064a \u0644\u0644\u0623\u0637\u0639\u0645\u0629 \u0627\u0644\u0645\u0641\u0636\u0644\u0629 \u0644\u062f\u064a\u0643 \u0633\u0631\u064a\u0639\u0629 \u0648\u0645\u0631\u064a\u062d\u0629. \u062a\u0639\u062a\u0628\u0631 \u0647\u0630\u0647 \u0627\u0644\u0645\u0642\u0644\u0627\u0629 \u0627\u0644\u0635\u063a\u064a\u0631\u0629 \u0648\u0627\u0644\u0641\u0639\u0627\u0644\u0629 \u0645\u062b\u0627\u0644\u064a\u0629 \u0644\u0644\u0645\u0637\u0627\u0628\u062e \u0627\u0644\u0645\u0646\u0632\u0644\u064a\u0629 \u0648\u0627\u0644\u0623\u0645\u0627\u0643\u0646 \u0627\u0644\u062a\u062c\u0627\u0631\u064a\u0629 \u0627\u0644\u0635\u063a\u064a\u0631\u0629.<\/p>","protected":false},"featured_media":11797,"comment_status":"open","ping_status":"closed","template":"","meta":{"_acf_changed":false},"product_brand":[781],"product_cat":[708,793,1478],"product_tag":[806],"class_list":{"0":"post-11796","1":"product","2":"type-product","3":"status-publish","4":"has-post-thumbnail","6":"product_brand-rm-gastro","7":"product_cat-cooking-line","8":"product_cat-fryers","9":"product_cat-offer","10":"product_tag-electric-fryer","11":"pa_brand-rm-gastro","12":"pa_electric-gas-electric","13":"pa_series-table-top","14":"pa_type-of-product-fryer","16":"first","17":"instock","18":"taxable","19":"shipping-taxable","20":"purchasable","21":"product-type-simple"},"acf":[],"_links":{"self":[{"href":"https:\/\/mariotstore.com\/ar\/wp-json\/wp\/v2\/product\/11796","targetHints":{"allow":["GET"]}}],"collection":[{"href":"https:\/\/mariotstore.com\/ar\/wp-json\/wp\/v2\/product"}],"about":[{"href":"https:\/\/mariotstore.com\/ar\/wp-json\/wp\/v2\/types\/product"}],"replies":[{"embeddable":true,"href":"https:\/\/mariotstore.com\/ar\/wp-json\/wp\/v2\/comments?post=11796"}],"wp:featuredmedia":[{"embeddable":true,"href":"https:\/\/mariotstore.com\/ar\/wp-json\/wp\/v2\/media\/11797"}],"wp:attachment":[{"href":"https:\/\/mariotstore.com\/ar\/wp-json\/wp\/v2\/media?parent=11796"}],"wp:term":[{"taxonomy":"product_brand","embeddable":true,"href":"https:\/\/mariotstore.com\/ar\/wp-json\/wp\/v2\/product_brand?post=11796"},{"taxonomy":"product_cat","embeddable":true,"href":"https:\/\/mariotstore.com\/ar\/wp-json\/wp\/v2\/product_cat?post=11796"},{"taxonomy":"product_tag","embeddable":true,"href":"https:\/\/mariotstore.com\/ar\/wp-json\/wp\/v2\/product_tag?post=11796"}],"curies":[{"name":"wp","href":"https:\/\/api.w.org\/{rel}","templated":true}]}}