{"id":13435,"date":"2022-10-21T08:07:23","date_gmt":"2022-10-21T08:07:23","guid":{"rendered":"https:\/\/mariotstore.com\/shop\/uncategorized\/floor-standing-double-chamber-vacuum-packaging-machine-hvc-510s-2a\/"},"modified":"2025-08-13T12:19:33","modified_gmt":"2025-08-13T08:19:33","slug":"floor-standing-double-chamber-vacuum-packaging-machine-hvc-510s-2a","status":"publish","type":"product","link":"https:\/\/mariotstore.com\/ar\/shop\/food-processing\/bar-vacuum-machine\/floor-standing-double-chamber-vacuum-packaging-machine-hvc-510s-2a\/","title":{"rendered":"\u0622\u0644\u0629 \u062a\u0639\u0628\u0626\u0629 \u0627\u0644\u0641\u0631\u0627\u063a \u0630\u0627\u062a \u0627\u0644\u062d\u062c\u0631\u0629 \u0627\u0644\u0645\u0632\u062f\u0648\u062c\u0629 \u0627\u0644\u0623\u0631\u0636\u064a\u0629 \u2013 HVC-510S\/2A"},"content":{"rendered":"<div class=\"wpb-content-wrapper\"><div class=\"vc_row wpb_row vc_row-fluid\"><div class=\"wpb_column vc_column_container vc_col-sm-12\"><div class=\"vc_column-inner\"><div class=\"wpb_wrapper\">\n\t<div class=\"wpb_text_column wpb_content_element\" >\n\t\t<div class=\"wpb_wrapper\">\n\t\t\t<p style=\"margin-bottom: 0px; margin-top: 0px; text-align: left;\">\u2022 \u0622\u0644\u0629 \u062a\u0639\u0628\u0626\u0629 \u0627\u0644\u0641\u0631\u0627\u063a \u0630\u0627\u062a \u0627\u0644\u062d\u062c\u0631\u0629 \u0627\u0644\u0645\u0632\u062f\u0648\u062c\u0629 \u0627\u0644\u0623\u0631\u0636\u064a\u0629 \u2013 HVC-510S\/2A<\/p>\n<p style=\"margin: 0px; padding-top: 0px; text-align: left;\">\u2022 \u0645\u0648\u0627\u062f \u0627\u0644\u062a\u0646\u0641\u064a\u0630 S\/S<\/p>\n<p style=\"margin: 0px; padding-top: 0px; text-align: left;\">\u2022 2 \u0639\u062f\u062f \u0623\u0634\u0631\u0637\u0629 \u0627\u0644\u062e\u062a\u0645 \u0641\u064a \u0627\u0644\u063a\u0631\u0641\u0629<\/p>\n<p style=\"margin: 0px; padding-top: 0px; text-align: left;\">\u2022 \u0642\u0648\u0629 \u0627\u0644\u0645\u062d\u0631\u0643: 1800 \u0648\u0627\u0637<\/p>\n<p style=\"margin: 0px; padding-top: 0px; text-align: left;\">\u2022 \u0637\u0627\u0642\u0629 \u0627\u0644\u062e\u062a\u0645: 600 \u0648\u0627\u0637<\/p>\n<p style=\"margin: 0px; padding-top: 0px; text-align: left;\">\u2022 \u0633\u0639\u0629 \u0645\u0636\u062e\u0629 \u0627\u0644\u0641\u0631\u0627\u063a: 40 \u0645\u062a\u0631 \u0645\u0643\u0639\u0628\/\u0633\u0627\u0639\u0629<\/p>\n<p style=\"margin: 0px; padding-top: 0px; text-align: left;\">\u2022 \u0627\u0644\u062c\u0647\u062f: 220 \u0623\u0648 380 \u0641\u0648\u0644\u062a<\/p>\n<p style=\"margin: 0px; padding-top: 0px; text-align: left;\">\u2022 \u0635\u0627\u0641\u064a \u0627\u0644\u0648\u0632\u0646: 220 \u0643\u062c\u0645<\/p>\n<p style=\"margin: 0px; padding-top: 0px; text-align: left;\">\u2022 \u0627\u0644\u063a\u0631\u0641\u0629 \u0627\u0644\u062e\u0627\u0631\u062c\u064a \u0627\u0644\u062e\u0627\u0641\u062a: (L \u00d7 W \u00d7 H) 610 \u00d7 550 \u00d7 160 (\u0645\u0645)<\/p>\n<p style=\"margin: 0px; padding-top: 0px; text-align: left;\">\u2022 \u0627\u0644\u063a\u0631\u0641\u0629 \u0627\u0644\u062f\u0627\u062e\u0644\u064a\u0629 \u0642\u0627\u062a\u0645\u0629: (L \u00d7 W \u00d7 H) 510 \u00d7 440 \u00d7 160 (\u0645\u0645)<\/p>\n<p style=\"margin: 0px; padding-top: 0px; text-align: left;\">\u2022 \u0627\u0644\u062e\u0627\u0641\u062a\u0629 \u0627\u0644\u062e\u0627\u0631\u062c\u064a\u0629: (\u0627\u0644\u0637\u0648\u0644 \u00d7 \u0627\u0644\u0639\u0631\u0636 \u00d7 \u0627\u0644\u0627\u0631\u062a\u0641\u0627\u0639) 1270 \u00d7 735 \u00d7 940 \u0645\u0644\u0645<\/p>\n<p style=\"margin: 0px; padding-top: 0px; text-align: left;\">\u2022 HVC-510S\/2A \/ \u0647\u0648\u0627\u0644\u064a\u0627\u0646 \/ <a href=\"https:\/\/mariotstore.comold\/brand\/mariot\/\">\u0645\u0627\u0631\u064a\u0648\u062a<\/a> \/ \u0627\u0644\u0635\u064a\u0646<\/p>\n<div id=\"mttContainer\" class=\"notranslate\" style=\"transform: translate(338px, 2px); text-align: left;\" aria-expanded=\"false\"><\/div>\n\n\t\t<\/div>\n\t<\/div>\n<\/div><\/div><\/div><\/div>\n<\/div>","protected":false},"excerpt":{"rendered":"<p>&nbsp;<\/p>\n<div id=\"mttContainer\" class=\"notranslate\" style=\"transform: translate(50px, 81px);\" aria-expanded=\"false\"><\/div>","protected":false},"featured_media":13436,"comment_status":"open","ping_status":"closed","template":"","meta":{"_acf_changed":false},"product_brand":[844],"product_cat":[766,700,1426],"product_tag":[],"class_list":{"0":"post-13435","1":"product","2":"type-product","3":"status-publish","4":"has-post-thumbnail","6":"product_brand-mariot","7":"product_cat-bar-vacuum-machine","8":"product_cat-food-processing","9":"product_cat-special-offer","10":"pa_brand-mariot","12":"first","13":"instock","14":"taxable","15":"shipping-taxable","16":"purchasable","17":"product-type-simple"},"acf":[],"_links":{"self":[{"href":"https:\/\/mariotstore.com\/ar\/wp-json\/wp\/v2\/product\/13435","targetHints":{"allow":["GET"]}}],"collection":[{"href":"https:\/\/mariotstore.com\/ar\/wp-json\/wp\/v2\/product"}],"about":[{"href":"https:\/\/mariotstore.com\/ar\/wp-json\/wp\/v2\/types\/product"}],"replies":[{"embeddable":true,"href":"https:\/\/mariotstore.com\/ar\/wp-json\/wp\/v2\/comments?post=13435"}],"wp:featuredmedia":[{"embeddable":true,"href":"https:\/\/mariotstore.com\/ar\/wp-json\/wp\/v2\/media\/13436"}],"wp:attachment":[{"href":"https:\/\/mariotstore.com\/ar\/wp-json\/wp\/v2\/media?parent=13435"}],"wp:term":[{"taxonomy":"product_brand","embeddable":true,"href":"https:\/\/mariotstore.com\/ar\/wp-json\/wp\/v2\/product_brand?post=13435"},{"taxonomy":"product_cat","embeddable":true,"href":"https:\/\/mariotstore.com\/ar\/wp-json\/wp\/v2\/product_cat?post=13435"},{"taxonomy":"product_tag","embeddable":true,"href":"https:\/\/mariotstore.com\/ar\/wp-json\/wp\/v2\/product_tag?post=13435"}],"curies":[{"name":"wp","href":"https:\/\/api.w.org\/{rel}","templated":true}]}}