{"id":13667,"date":"2023-01-31T12:39:54","date_gmt":"2023-01-31T12:39:54","guid":{"rendered":"https:\/\/mariotstore.com\/shop\/uncategorized\/electric-fryer-fd-80-d\/"},"modified":"2025-07-21T11:13:12","modified_gmt":"2025-07-21T07:13:12","slug":"electric-fryer-fd-80-d","status":"publish","type":"product","link":"https:\/\/mariotstore.com\/ar\/shop\/cooking-line\/fryers\/electric-fryer-fd-80-d\/","title":{"rendered":"\u0642\u0644\u0627\u064a\u0629 \u0643\u0647\u0631\u0628\u0627\u0626\u064a\u0629 \u2013  FD 80 D"},"content":{"rendered":"<p style=\"margin-bottom: 0;margin-top: 0px\">\u2022 \u0642\u0644\u0627\u064a\u0629 \u0643\u0647\u0631\u0628\u0627\u0626\u064a\u0629 \u2013 FD 80 \u062f<\/p>\n<p style=\"margin: 0;padding-top: 0\">\u2022 \u062a\u0631\u0645\u0648\u0633\u062a\u0627\u062a \u0623\u0645\u0627\u0646 \u0645\u0632\u062f\u0648\u062c \u0645\u0639 \u0642\u0637\u0639 \u0625\u064a\u062c\u0627\u0628\u064a \u0641\u064a \u0643\u0644 \u062e\u0632\u0627\u0646.<\/p>\n<p style=\"margin: 0;padding-top: 0\">\u2022 \u0641\u064a \u062d\u0627\u0644\u0629 \u0627\u0631\u062a\u0641\u0627\u0639 \u062f\u0631\u062c\u0629 \u0627\u0644\u062d\u0631\u0627\u0631\u0629 \u0623\u0648 \u0639\u062f\u0645 \u0643\u0641\u0627\u064a\u0629 \u0627\u0644\u0632\u064a\u062a\u060c \u064a\u0642\u0648\u0645 \u0645\u0646\u0638\u0645 \u0627\u0644\u062d\u0631\u0627\u0631\u0629 \u0627\u0644\u0622\u0645\u0646 \u0628\u0625\u064a\u0642\u0627\u0641 \u0627\u0644\u0645\u0642\u0644\u0627\u0629 \u0627\u0644\u0645\u0635\u0646\u0648\u0639\u0629 \u0645\u0646 \u0627\u0644\u0641\u0648\u0644\u0627\u0630 \u0627\u0644\u0645\u0642\u0627\u0648\u0645 \u0644\u0644\u0635\u062f\u0623 \u062a\u0644\u0642\u0627\u0626\u064a\u064b\u0627.<\/p>\n<p style=\"margin: 0;padding-top: 0\">\u2022 \u0627\u0644\u0645\u0645\u064a\u0632\u0627\u062a: 2 \u062a\u0631\u0645\u0648\u0633\u062a\u0627\u062a \u062a\u0646\u0638\u064a\u0645 (0 - 180 \u062f\u0631\u062c\u0629 \u0645\u0626\u0648\u064a\u0629) \u0645\u0639 \u0644\u0645\u0628\u0627\u062a \u062f\u0642\u064a\u0642\u0629\u060c 2 \u062a\u0631\u0645\u0648\u0633\u062a\u0627\u062a \u0623\u0645\u0627\u0646\u060c 2 \u0645\u0641\u062a\u0627\u062d \u0635\u063a\u064a\u0631\u060c 2 \u0633\u0644\u0627\u062a\u060c 2 \u063a\u0637\u0627\u0621 \u0645\u0646 \u0627\u0644\u0641\u0648\u0644\u0627\u0630 \u0627\u0644\u0645\u0642\u0627\u0648\u0645 \u0644\u0644\u0635\u062f\u0623\u060c \u0648\u0645\u0635\u0627\u0628\u064a\u062d \u0637\u064a\u0627\u0631.<\/p>\n<p style=\"margin: 0;padding-top: 0\">\u2022 \u0627\u0644\u062d\u062c\u0645: 2 \u00d7 8 \u0644\u062a\u0631<\/p>\n<p style=\"margin: 0;padding-top: 0\">\u2022 \u0627\u0644\u0637\u0627\u0642\u0629: 2 \u00d7 3.4 \u0643\u064a\u0644\u0648 \u0648\u0627\u0637<\/p>\n<p style=\"margin: 0;padding-top: 0\">\u2022 \u0627\u0644\u0623\u0628\u0639\u0627\u062f \u0627\u0644\u062e\u0627\u0631\u062c\u064a\u0629: 540 \u00d7 425 \u00d7 320 \u0645\u0644\u0645<\/p>\n<p style=\"margin: 0;padding-top: 0\">\u2022 \u0627\u0644\u0648\u0632\u0646 : 12 \u0643\u062c\u0645<\/p>\n<p style=\"margin: 0;padding-top: 0\">\u2022 \u0627\u0644\u0641\u0648\u0644\u062a: 2\u00d7230 \u0641\u0648\u0644\u062a<\/p>\n<p style=\"margin: 0;padding-top: 0\">\u2022 \u0623\u0628\u0639\u0627\u062f \u0627\u0644\u0633\u0644\u0629: 2 \u00d7 (220 \u00d7 260 \u00d7 100 \u0645\u0644\u0645)<\/p>\n<p style=\"margin: 0;padding-top: 0\">\u2022 FD 80 D \/ \u0634\u0648\u0627\u064a\u0629 \u0631\u0648\u0644\u0631 \/ \u0635\u0646\u0639 \u0641\u064a \u0641\u0631\u0646\u0633\u0627<\/p>\n<div id=\"mttContainer\" class=\"notranslate\" aria-expanded=\"false\"><\/div>","protected":false},"excerpt":{"rendered":"<p>&nbsp;<\/p>\n<div id=\"mttContainer\" class=\"notranslate\" aria-expanded=\"false\"><\/div>","protected":false},"featured_media":13668,"comment_status":"closed","ping_status":"closed","template":"","meta":{"_acf_changed":false},"product_brand":[1089],"product_cat":[708,793],"product_tag":[],"class_list":{"0":"post-13667","1":"product","2":"type-product","3":"status-publish","4":"has-post-thumbnail","6":"product_brand-roller-grill","7":"product_cat-cooking-line","8":"product_cat-fryers","9":"pa_brand-roller-grill","10":"pa_electric-gas-electric","11":"pa_type-of-product-electric-fryer","12":"pa_type-of-product-fryer","14":"first","15":"instock","16":"taxable","17":"shipping-taxable","18":"purchasable","19":"product-type-simple"},"acf":[],"_links":{"self":[{"href":"https:\/\/mariotstore.com\/ar\/wp-json\/wp\/v2\/product\/13667","targetHints":{"allow":["GET"]}}],"collection":[{"href":"https:\/\/mariotstore.com\/ar\/wp-json\/wp\/v2\/product"}],"about":[{"href":"https:\/\/mariotstore.com\/ar\/wp-json\/wp\/v2\/types\/product"}],"replies":[{"embeddable":true,"href":"https:\/\/mariotstore.com\/ar\/wp-json\/wp\/v2\/comments?post=13667"}],"wp:featuredmedia":[{"embeddable":true,"href":"https:\/\/mariotstore.com\/ar\/wp-json\/wp\/v2\/media\/13668"}],"wp:attachment":[{"href":"https:\/\/mariotstore.com\/ar\/wp-json\/wp\/v2\/media?parent=13667"}],"wp:term":[{"taxonomy":"product_brand","embeddable":true,"href":"https:\/\/mariotstore.com\/ar\/wp-json\/wp\/v2\/product_brand?post=13667"},{"taxonomy":"product_cat","embeddable":true,"href":"https:\/\/mariotstore.com\/ar\/wp-json\/wp\/v2\/product_cat?post=13667"},{"taxonomy":"product_tag","embeddable":true,"href":"https:\/\/mariotstore.com\/ar\/wp-json\/wp\/v2\/product_tag?post=13667"}],"curies":[{"name":"wp","href":"https:\/\/api.w.org\/{rel}","templated":true}]}}